{"id":4863,"date":"2021-12-13T15:25:47","date_gmt":"2021-12-13T14:25:47","guid":{"rendered":"https:\/\/www.3dvoxel.it\/finitura-dei-materiali-in-3dvoxel\/"},"modified":"2024-12-18T16:28:41","modified_gmt":"2024-12-18T15:28:41","slug":"finitura-dei-materiali-in-3dvoxel","status":"publish","type":"page","link":"https:\/\/www.3dvoxel.it\/en\/finitura-dei-materiali-in-3dvoxel\/","title":{"rendered":"Le finiture disponibili su 3dvoxel"},"content":{"rendered":"<div class=\"wpb-content-wrapper\"><p>[vc_row][vc_column][vc_custom_heading text=&#8221;LE FINITURE DELLE STAMPE 3D DI 3DVOXEL&#8221; font_size=&#8221;45&#8243; tag=&#8221;h1&#8243;][\/vc_column][\/vc_row][vc_row equal_height=&#8221;&#8221; background_type=&#8221;transparent&#8221; shift_y=&#8221;0&#8243; z_index=&#8221;0&#8243; width=&#8221;no-padded&#8221; overlay_colour=&#8221;#44546b&#8221; background_image=&#8221;143&#8243; vertical_alignment=&#8221;middle&#8221; row_name=&#8221;titolo_vapor&#8221; css=&#8221;.vc_custom_1661185186434{padding-bottom: 0px !important;}&#8221;][vc_column width=&#8221;1\/2&#8243; hidden_on_small=&#8221;on&#8221; hidden_on_xsmall=&#8221;on&#8221;][vc_custom_heading text=&#8221;VAPOR SMOOTHING&#8221; font_size=&#8221;60&#8243; responsive=&#8221;yes&#8221; min_font_size=&#8221;24&#8243; text_align=&#8221;left&#8221; color=&#8221;black&#8221; css=&#8221;.vc_custom_1639405610553{margin-bottom: 0px !important;}&#8221; css_animation=&#8221;none&#8221;][vc_custom_heading text=&#8221;FINITURA SPECIALE&#8221; font_size=&#8221;40&#8243; responsive=&#8221;yes&#8221; min_font_size=&#8221;18&#8243; text_align=&#8221;left&#8221; color=&#8221;accent&#8221; css=&#8221;.vc_custom_1639406124002{margin-bottom: 0px !important;}&#8221; line_height=&#8221;1em&#8221; css_animation=&#8221;none&#8221;][vc_empty_space height=&#8221;30px&#8221;][vc_custom_heading text=&#8221;TRATTAMENTO SU STAMPA 3D PER MIGLIORARE LA FINITURA E RENDERE UNIFORME LA SUPERFICIE DEL MATERIALE&#8221; font_size=&#8221;22&#8243; text_align=&#8221;left&#8221; font_weight=&#8221;400&#8243; text_transform=&#8221;none&#8221; letter_spacing=&#8221;1px&#8221; tag=&#8221;h3&#8243; css_animation=&#8221;none&#8221;][\/vc_column][vc_column width=&#8221;1\/2&#8243; align=&#8221;center&#8221; align_sm=&#8221;center&#8221; extra_classes=&#8221;padding&#8221;][\/vc_column][\/vc_row][vc_row equal_height=&#8221;&#8221; shift_y=&#8221;0&#8243; z_index=&#8221;0&#8243; css=&#8221;.vc_custom_1661184983939{margin-top: 0px !important;}&#8221;][vc_column width=&#8221;1\/2&#8243;][vc_single_image image=&#8221;2953&#8243; img_size=&#8221;full&#8221; full_width=&#8221;1&#8243; opacity=&#8221;100&#8243;][\/vc_column][vc_column width=&#8221;1\/2&#8243;][vc_column_text]Il <strong>Vapor Smoothing<\/strong> \u00e8 un trattamento che si pu\u00f2 eseguire sul PA12 e TPA; \u00e8 una finitura aggiuntiva rispetto al normale processo di stampa.<br \/>\nPer rifinire i pezzi con il Vapor Smoothing \u00e8 sufficiente indicarlo quando si compone l&#8217;ordine nel preventivatore online.[\/vc_column_text][vc_row_inner][vc_column_inner width=&#8221;1\/3&#8243;][vc_single_image image=&#8221;3427&#8243; img_size=&#8221;300&#215;537&#8243; full_width=&#8221;&#8221; onclick=&#8221;lightbox&#8221; opacity=&#8221;100&#8243;][\/vc_column_inner][vc_column_inner width=&#8221;2\/3&#8243;][vc_custom_heading text=&#8221;3DVoxel utilizza AMT POSTPRO SF100 per la finitura Vapor Smoothing&#8221; font_size=&#8221;24&#8243; text_align=&#8221;left&#8221; tag=&#8221;h4&#8243; css=&#8221;.vc_custom_1661183895775{margin-top: 20px !important;margin-bottom: 0px !important;}&#8221;][vc_column_text]L\u2019intero processo richiede dalle tre alle cinque ore; questo macchinario visivamente ricorda una lavatrice, ma al posto di utilizzare acqua e sapone utilizza un particolare prodotto che <strong>riempie i pori del materiale trasformandolo da ruvido a liscio<\/strong>, <strong>ricordando al tatto i pezzi realizzati mediante iniezione.<\/strong>[\/vc_column_text][\/vc_column_inner][\/vc_row_inner][vc_row_inner content_placement=&#8221;top&#8221; css=&#8221;.vc_custom_1639404162666{padding-bottom: 0px !important;}&#8221;][vc_column_inner content_placement=&#8221;top&#8221; width=&#8221;1\/3&#8243;][vc_icon type=&#8221;elegant-icons&#8221; icon_elegant-icons=&#8221;ei-star_alt&#8221; background_style=&#8221;rounded-outline&#8221; hover_effect=&#8221;fill&#8221; size=&#8221;fa-1x&#8221; title=&#8221;Disponibile per PA12 e TPA&#8221; css_animation=&#8221;fade-up&#8221; css=&#8221;.vc_custom_1661183194328{margin-bottom: 0px !important;}&#8221;][\/vc_column_inner][vc_column_inner content_placement=&#8221;top&#8221; width=&#8221;1\/3&#8243;][vc_icon type=&#8221;elegant-icons&#8221; icon_elegant-icons=&#8221;ei-star_alt&#8221; background_style=&#8221;rounded-outline&#8221; hover_effect=&#8221;fill&#8221; size=&#8221;fa-1x&#8221; title=&#8221;Trasforma il materiale da ruvido a liscio&#8221; css_animation=&#8221;fade-up&#8221; css=&#8221;.vc_custom_1639408051191{margin-bottom: 0px !important;}&#8221;][\/vc_column_inner][vc_column_inner width=&#8221;1\/3&#8243;][vc_icon type=&#8221;elegant-icons&#8221; icon_elegant-icons=&#8221;ei-star_alt&#8221; background_style=&#8221;rounded-outline&#8221; hover_effect=&#8221;fill&#8221; size=&#8221;fa-1x&#8221; title=&#8221;Al tatto ricorda la stampa a iniezione&#8221; css_animation=&#8221;fade-up&#8221; css=&#8221;.vc_custom_1639408073061{margin-bottom: 0px !important;}&#8221;][\/vc_column_inner][\/vc_row_inner][\/vc_column][\/vc_row][vc_row equal_height=&#8221;&#8221; background_type=&#8221;transparent&#8221; shift_y=&#8221;0&#8243; z_index=&#8221;0&#8243; width=&#8221;no-padded&#8221; overlay_colour=&#8221;#44546b&#8221; background_image=&#8221;143&#8243; vertical_alignment=&#8221;middle&#8221; row_name=&#8221;nylon_pa12&#8243;][vc_column width=&#8221;1\/2&#8243; hidden_on_small=&#8221;on&#8221; hidden_on_xsmall=&#8221;on&#8221;][vc_custom_heading text=&#8221;BAGNO IN GRAFITE&#8221; font_size=&#8221;60&#8243; responsive=&#8221;yes&#8221; min_font_size=&#8221;24&#8243; text_align=&#8221;left&#8221; color=&#8221;black&#8221; css=&#8221;.vc_custom_1639673173095{margin-bottom: 0px !important;}&#8221; css_animation=&#8221;none&#8221;][vc_custom_heading text=&#8221;COLORAZIONE NERA&#8221; font_size=&#8221;40&#8243; responsive=&#8221;yes&#8221; min_font_size=&#8221;18&#8243; text_align=&#8221;left&#8221; color=&#8221;accent&#8221; css=&#8221;.vc_custom_1639673163465{margin-bottom: 0px !important;}&#8221; line_height=&#8221;1em&#8221; css_animation=&#8221;none&#8221;][vc_empty_space height=&#8221;30px&#8221;][vc_custom_heading text=&#8221;BAGNO IN GRAFITE PER COLORAZIONE DEL PEZZO&#8221; font_size=&#8221;22&#8243; text_align=&#8221;left&#8221; font_weight=&#8221;400&#8243; text_transform=&#8221;none&#8221; letter_spacing=&#8221;1px&#8221; tag=&#8221;h3&#8243; css_animation=&#8221;none&#8221;][vc_column_text]Il pezzo viene posto in un bagno di grafite a 60\u00b0. Tale processo permette la colorazione del particolare di nero e gli dona una finitura scura uniforme.<\/p>\n<p>Tale opzione pu\u00f2 essere selezionata durante la compilazione del preventivo online.[\/vc_column_text][\/vc_column][vc_column width=&#8221;1\/2&#8243; align=&#8221;center&#8221; align_sm=&#8221;center&#8221; extra_classes=&#8221;padding&#8221;][vc_single_image image=&#8221;2989&#8243; img_size=&#8221;large&#8221; full_width=&#8221;1&#8243; opacity=&#8221;100&#8243;][\/vc_column][\/vc_row][vc_row container_width=&#8221;boxed&#8221; equal_height=&#8221;&#8221; background_type=&#8221;image&#8221; background_color=&#8221;accent&#8221; background_img=&#8221;2455&#8243; background_repeat=&#8221;repeat&#8221; background_size=&#8221;default&#8221; background_img_lazyload=&#8221;1&#8243; add_overlay=&#8221;yes&#8221; overlay_color=&#8221;accent&#8221; overlay_opacity=&#8221;75&#8243; shift_y=&#8221;0&#8243; z_index=&#8221;0&#8243;][vc_column content_placement=&#8221;middle&#8221; text_alignment=&#8221;center&#8221; width=&#8221;1\/2&#8243; shift_x=&#8221;0&#8243; shift_y=&#8221;0&#8243; z_index=&#8221;0&#8243; min_height=&#8221;auto&#8221; css=&#8221;.vc_custom_1622896506111{padding-bottom: 50px !important;}&#8221;][vc_custom_heading text=&#8221;PREVENTIVO ONLINE&#8221; font_size=&#8221;50&#8243; responsive=&#8221;yes&#8221; min_font_size=&#8221;24&#8243; text_align=&#8221;left&#8221; color=&#8221;black&#8221; css=&#8221;.vc_custom_1693856661088{margin-bottom: 0px !important;}&#8221;][vc_custom_heading text=&#8221;IMMEDIATO, GRATUITO E SENZA REGISTRAZIONE&#8221; font_size=&#8221;40&#8243; responsive=&#8221;yes&#8221; min_font_size=&#8221;18&#8243; text_align=&#8221;left&#8221; color=&#8221;white&#8221; tag=&#8221;h3&#8243; css=&#8221;.vc_custom_1693856672728{margin-bottom: 0px !important;}&#8221; line_height=&#8221;1em&#8221;][vc_empty_space height=&#8221;30px&#8221;][vc_custom_heading text=&#8221;Ordina la tua stampa 3D:<br \/>\npotrai scegliere il materiale da utilizzare, la finitura<br \/>\ne i tempi di consegna!&#8221; font_size=&#8221;22&#8243; text_align=&#8221;left&#8221; font_weight=&#8221;400&#8243; text_transform=&#8221;none&#8221; letter_spacing=&#8221;1px&#8221; tag=&#8221;h3&#8243;][\/vc_column][vc_column content_placement=&#8221;middle&#8221; width=&#8221;1\/2&#8243; shift_x=&#8221;0&#8243; shift_y=&#8221;0&#8243; z_index=&#8221;0&#8243;][vc_button button_type=&#8221;theme-button-solid&#8221; title=&#8221;PREVENTIVO ONLINE&#8221; size=&#8221;lg&#8221; i_icon_iconmonstr-iconic-font=&#8221;im-angle-right&#8221; font_weight=&#8221;400&#8243; add_icon=&#8221;true&#8221; css_animation=&#8221;flipInY&#8221; css_animation_delay=&#8221;600&#8243; link=&#8221;url:https%3A%2F%2Fwww.3dvoxel.it%2Fpreventivo-online-stampa-3d%2F&#8221;][\/vc_column][\/vc_row][vc_row equal_height=&#8221;&#8221; shift_y=&#8221;0&#8243; z_index=&#8221;0&#8243; css=&#8221;.vc_custom_1639404396867{margin-top: 0px !important;margin-bottom: 0px !important;padding-top: 0px !important;padding-bottom: 0px !important;}&#8221;][vc_column][vc_empty_space height=&#8221;45px&#8221;][\/vc_column][\/vc_row][vc_row container_width=&#8221;boxed&#8221; columns_placement=&#8221;middle&#8221; equal_height=&#8221;yes&#8221; shift_y=&#8221;0&#8243; z_index=&#8221;0&#8243; css=&#8221;.vc_custom_1622901997894{padding-bottom: 0px !important;}&#8221; min_height=&#8221;400&#8243;][vc_column content_placement=&#8221;middle&#8221; width=&#8221;2\/3&#8243; add_overlay=&#8221;yes&#8221; overlay_color=&#8221;custom&#8221; overlay_opacity=&#8221;100&#8243; shift_x=&#8221;0&#8243; shift_y=&#8221;0&#8243; z_index=&#8221;0&#8243; overlay_custom_color=&#8221;#f0f0f0&#8243; css=&#8221;.vc_custom_1622900508772{padding-top: 40px !important;padding-right: 40px !important;padding-bottom: 40px !important;padding-left: 40px !important;}&#8221;][vc_custom_heading text=&#8221;CHI SIAMO&#8221; font_size=&#8221;40px&#8221; color=&#8221;accent&#8221; tag=&#8221;h4&#8243; css=&#8221;.vc_custom_1693856738935{margin-bottom: 0px !important;}&#8221; line_height=&#8221;1em&#8221;][vc_empty_space height=&#8221;30px&#8221;][vc_custom_heading text=&#8221;3D VOXEL specializzata nella stampa 3D con tecnologia HP Multi Jet Fusion.&#8221; font_size=&#8221;22&#8243; font_weight=&#8221;400&#8243; text_transform=&#8221;none&#8221; letter_spacing=&#8221;1px&#8221; tag=&#8221;h3&#8243; css=&#8221;.vc_custom_1623236908640{margin-bottom: 0px !important;}&#8221;][vc_column_text css_animation=&#8221;fade&#8221; css_animation_delay=&#8221;300&#8243; css=&#8221;.vc_custom_1623221978848{margin-bottom: 30px !important;padding-right: 10% !important;padding-left: 10% !important;}&#8221;]<\/p>\n<p style=\"text-align: center;\">Stampiamo i progetti dei nostri clienti utilizzando <strong>due stampanti HP Multi Jet Fusion 4210<\/strong> e <strong>una HP Multi Jet Fusion 5210<\/strong>. I nostri tecnici sono continuamente alla ricerca di nuovi materiali, tecnologie e soluzioni da proporre ai nostri clienti.<\/p>\n<p>[\/vc_column_text][vc_button button_type=&#8221;theme-button-solid-accent&#8221; title=&#8221;CONTATTA L&#8217;ASSISTENZA&#8221; font_weight=&#8221;400&#8243; link=&#8221;url:mailto%3Asupport%403dvoxel.it&#8221;][\/vc_column][vc_column content_placement=&#8221;middle&#8221; width=&#8221;1\/3&#8243; shift_x=&#8221;0&#8243; shift_y=&#8221;0&#8243; z_index=&#8221;0&#8243;][vc_single_image image=&#8221;2442&#8243; img_size=&#8221;600&#215;600&#8243; full_width=&#8221;1&#8243; hover_effect=&#8221;zoomin&#8221; opacity=&#8221;100&#8243;][\/vc_column][\/vc_row][vc_row][vc_column][vc_empty_space height=&#8221;50px&#8221;][\/vc_column][\/vc_row]<\/p>\n<\/div>","protected":false},"excerpt":{"rendered":"<p>[vc_row][vc_column][vc_custom_heading text=&#8221;LE FINITURE DELLE STAMPE 3D DI 3DVOXEL&#8221; font_size=&#8221;45&#8243; tag=&#8221;h1&#8243;][\/vc_column][\/vc_row][vc_row equal_height=&#8221;&#8221; background_type=&#8221;transparent&#8221; shift_y=&#8221;0&#8243; z_index=&#8221;0&#8243; width=&#8221;no-padded&#8221; overlay_colour=&#8221;#44546b&#8221; background_image=&#8221;143&#8243; vertical_alignment=&#8221;middle&#8221; row_name=&#8221;titolo_vapor&#8221; css=&#8221;.vc_custom_1661185186434{padding-bottom: 0px !important;}&#8221;][vc_column width=&#8221;1\/2&#8243; hidden_on_small=&#8221;on&#8221; hidden_on_xsmall=&#8221;on&#8221;][vc_custom_heading text=&#8221;VAPOR SMOOTHING&#8221; font_size=&#8221;60&#8243; responsive=&#8221;yes&#8221; min_font_size=&#8221;24&#8243; text_align=&#8221;left&#8221; color=&#8221;black&#8221; css=&#8221;.vc_custom_1639405610553{margin-bottom: 0px !important;}&#8221; css_animation=&#8221;none&#8221;][vc_custom_heading text=&#8221;FINITURA SPECIALE&#8221; font_size=&#8221;40&#8243; responsive=&#8221;yes&#8221; min_font_size=&#8221;18&#8243; text_align=&#8221;left&#8221; color=&#8221;accent&#8221; css=&#8221;.vc_custom_1639406124002{margin-bottom: 0px !important;}&#8221; line_height=&#8221;1em&#8221; css_animation=&#8221;none&#8221;][vc_empty_space height=&#8221;30px&#8221;][vc_custom_heading text=&#8221;TRATTAMENTO SU STAMPA 3D PER MIGLIORARE&#8230;<\/p>\n<p><a rel=\"bookmark\" class=\"theme-button-text wvc-button wvc-button-size-xs\" href=\"https:\/\/www.3dvoxel.it\/en\/finitura-dei-materiali-in-3dvoxel\/\"><small class=\"wvc-button-background-fill\"><\/small><span>Continue reading<\/span><\/a><\/p>\n","protected":false},"author":1,"featured_media":0,"parent":0,"menu_order":0,"comment_status":"closed","ping_status":"closed","template":"","meta":{"_acf_changed":false,"footnotes":""},"class_list":{"0":"post-4863","1":"page","2":"type-page","3":"status-publish","4":"hentry","5":"entry","6":"clearfix","7":"entry-grid","8":"entry-columns-default","9":"entry-page-module-layout-standard","10":"no-post-thumbnail","11":"entry-page","13":"entry-page-grid"},"acf":[],"yoast_head":"<!-- This site is optimized with the Yoast SEO plugin v27.2 - https:\/\/yoast.com\/product\/yoast-seo-wordpress\/ -->\n<title>Le finiture disponibili su 3dvoxel - 3DVoxel - Stampa 3D per produzione in serie<\/title>\n<meta name=\"robots\" content=\"index, follow, max-snippet:-1, max-image-preview:large, max-video-preview:-1\" \/>\n<link rel=\"canonical\" href=\"https:\/\/www.3dvoxel.it\/en\/finitura-dei-materiali-in-3dvoxel\/\" \/>\n<meta property=\"og:locale\" content=\"en_US\" \/>\n<meta property=\"og:type\" content=\"article\" \/>\n<meta property=\"og:title\" content=\"Le finiture disponibili su 3dvoxel - 3DVoxel - Stampa 3D per produzione in serie\" \/>\n<meta property=\"og:description\" content=\"[vc_row][vc_column][vc_custom_heading text=&#8221;LE FINITURE DELLE STAMPE 3D DI 3DVOXEL&#8221; font_size=&#8221;45&#8243; tag=&#8221;h1&#8243;][\/vc_column][\/vc_row][vc_row equal_height=&#8221;&#8221; background_type=&#8221;transparent&#8221; shift_y=&#8221;0&#8243; z_index=&#8221;0&#8243; width=&#8221;no-padded&#8221; overlay_colour=&#8221;#44546b&#8221; background_image=&#8221;143&#8243; vertical_alignment=&#8221;middle&#8221; row_name=&#8221;titolo_vapor&#8221; css=&#8221;.vc_custom_1661185186434{padding-bottom: 0px !important;}&#8221;][vc_column width=&#8221;1\/2&#8243; hidden_on_small=&#8221;on&#8221; hidden_on_xsmall=&#8221;on&#8221;][vc_custom_heading text=&#8221;VAPOR SMOOTHING&#8221; font_size=&#8221;60&#8243; responsive=&#8221;yes&#8221; min_font_size=&#8221;24&#8243; text_align=&#8221;left&#8221; color=&#8221;black&#8221; css=&#8221;.vc_custom_1639405610553{margin-bottom: 0px !important;}&#8221; css_animation=&#8221;none&#8221;][vc_custom_heading text=&#8221;FINITURA SPECIALE&#8221; font_size=&#8221;40&#8243; responsive=&#8221;yes&#8221; min_font_size=&#8221;18&#8243; text_align=&#8221;left&#8221; color=&#8221;accent&#8221; css=&#8221;.vc_custom_1639406124002{margin-bottom: 0px !important;}&#8221; line_height=&#8221;1em&#8221; css_animation=&#8221;none&#8221;][vc_empty_space height=&#8221;30px&#8221;][vc_custom_heading text=&#8221;TRATTAMENTO SU STAMPA 3D PER MIGLIORARE...Continue reading\" \/>\n<meta property=\"og:url\" content=\"https:\/\/www.3dvoxel.it\/en\/finitura-dei-materiali-in-3dvoxel\/\" \/>\n<meta property=\"og:site_name\" content=\"3DVoxel - Stampa 3D per produzione in serie\" \/>\n<meta property=\"article:modified_time\" content=\"2024-12-18T15:28:41+00:00\" \/>\n<meta name=\"twitter:card\" content=\"summary_large_image\" \/>\n<meta name=\"twitter:label1\" content=\"Est. reading time\" \/>\n\t<meta name=\"twitter:data1\" content=\"5 minutes\" \/>\n<script type=\"application\/ld+json\" class=\"yoast-schema-graph\">{\"@context\":\"https:\/\/schema.org\",\"@graph\":[{\"@type\":\"WebPage\",\"@id\":\"https:\/\/www.3dvoxel.it\/en\/finitura-dei-materiali-in-3dvoxel\/\",\"url\":\"https:\/\/www.3dvoxel.it\/en\/finitura-dei-materiali-in-3dvoxel\/\",\"name\":\"Le finiture disponibili su 3dvoxel - 3DVoxel - Stampa 3D per produzione in serie\",\"isPartOf\":{\"@id\":\"https:\/\/www.3dvoxel.it\/en\/#website\"},\"datePublished\":\"2021-12-13T14:25:47+00:00\",\"dateModified\":\"2024-12-18T15:28:41+00:00\",\"breadcrumb\":{\"@id\":\"https:\/\/www.3dvoxel.it\/en\/finitura-dei-materiali-in-3dvoxel\/#breadcrumb\"},\"inLanguage\":\"en-US\",\"potentialAction\":[{\"@type\":\"ReadAction\",\"target\":[\"https:\/\/www.3dvoxel.it\/en\/finitura-dei-materiali-in-3dvoxel\/\"]}]},{\"@type\":\"BreadcrumbList\",\"@id\":\"https:\/\/www.3dvoxel.it\/en\/finitura-dei-materiali-in-3dvoxel\/#breadcrumb\",\"itemListElement\":[{\"@type\":\"ListItem\",\"position\":1,\"name\":\"Home\",\"item\":\"https:\/\/www.3dvoxel.it\/en\/\"},{\"@type\":\"ListItem\",\"position\":2,\"name\":\"Le finiture disponibili su 3dvoxel\"}]},{\"@type\":\"WebSite\",\"@id\":\"https:\/\/www.3dvoxel.it\/en\/#website\",\"url\":\"https:\/\/www.3dvoxel.it\/en\/\",\"name\":\"3DVoxel - Stampa 3D per produzione in serie\",\"description\":\"Stampa 3D con tecnologia HP MJF - PA12 POLIPROPILENE TPA - per produzione in serie  e prototipazione\",\"publisher\":{\"@id\":\"https:\/\/www.3dvoxel.it\/en\/#organization\"},\"potentialAction\":[{\"@type\":\"SearchAction\",\"target\":{\"@type\":\"EntryPoint\",\"urlTemplate\":\"https:\/\/www.3dvoxel.it\/en\/?s={search_term_string}\"},\"query-input\":{\"@type\":\"PropertyValueSpecification\",\"valueRequired\":true,\"valueName\":\"search_term_string\"}}],\"inLanguage\":\"en-US\"},{\"@type\":\"Organization\",\"@id\":\"https:\/\/www.3dvoxel.it\/en\/#organization\",\"name\":\"3DVoxel s.r.l. 3Dprinting\",\"url\":\"https:\/\/www.3dvoxel.it\/en\/\",\"logo\":{\"@type\":\"ImageObject\",\"inLanguage\":\"en-US\",\"@id\":\"https:\/\/www.3dvoxel.it\/en\/#\/schema\/logo\/image\/\",\"url\":\"https:\/\/www.3dvoxel.it\/wp-content\/uploads\/2018\/07\/3Dvoxel_loading.png\",\"contentUrl\":\"https:\/\/www.3dvoxel.it\/wp-content\/uploads\/2018\/07\/3Dvoxel_loading.png\",\"width\":300,\"height\":92,\"caption\":\"3DVoxel s.r.l. 3Dprinting\"},\"image\":{\"@id\":\"https:\/\/www.3dvoxel.it\/en\/#\/schema\/logo\/image\/\"}}]}<\/script>\n<!-- \/ Yoast SEO plugin. -->","yoast_head_json":{"title":"Le finiture disponibili su 3dvoxel - 3DVoxel - Stampa 3D per produzione in serie","robots":{"index":"index","follow":"follow","max-snippet":"max-snippet:-1","max-image-preview":"max-image-preview:large","max-video-preview":"max-video-preview:-1"},"canonical":"https:\/\/www.3dvoxel.it\/en\/finitura-dei-materiali-in-3dvoxel\/","og_locale":"en_US","og_type":"article","og_title":"Le finiture disponibili su 3dvoxel - 3DVoxel - Stampa 3D per produzione in serie","og_description":"[vc_row][vc_column][vc_custom_heading text=&#8221;LE FINITURE DELLE STAMPE 3D DI 3DVOXEL&#8221; font_size=&#8221;45&#8243; tag=&#8221;h1&#8243;][\/vc_column][\/vc_row][vc_row equal_height=&#8221;&#8221; background_type=&#8221;transparent&#8221; shift_y=&#8221;0&#8243; z_index=&#8221;0&#8243; width=&#8221;no-padded&#8221; overlay_colour=&#8221;#44546b&#8221; background_image=&#8221;143&#8243; vertical_alignment=&#8221;middle&#8221; row_name=&#8221;titolo_vapor&#8221; css=&#8221;.vc_custom_1661185186434{padding-bottom: 0px !important;}&#8221;][vc_column width=&#8221;1\/2&#8243; hidden_on_small=&#8221;on&#8221; hidden_on_xsmall=&#8221;on&#8221;][vc_custom_heading text=&#8221;VAPOR SMOOTHING&#8221; font_size=&#8221;60&#8243; responsive=&#8221;yes&#8221; min_font_size=&#8221;24&#8243; text_align=&#8221;left&#8221; color=&#8221;black&#8221; css=&#8221;.vc_custom_1639405610553{margin-bottom: 0px !important;}&#8221; css_animation=&#8221;none&#8221;][vc_custom_heading text=&#8221;FINITURA SPECIALE&#8221; font_size=&#8221;40&#8243; responsive=&#8221;yes&#8221; min_font_size=&#8221;18&#8243; text_align=&#8221;left&#8221; color=&#8221;accent&#8221; css=&#8221;.vc_custom_1639406124002{margin-bottom: 0px !important;}&#8221; line_height=&#8221;1em&#8221; css_animation=&#8221;none&#8221;][vc_empty_space height=&#8221;30px&#8221;][vc_custom_heading text=&#8221;TRATTAMENTO SU STAMPA 3D PER MIGLIORARE...Continue reading","og_url":"https:\/\/www.3dvoxel.it\/en\/finitura-dei-materiali-in-3dvoxel\/","og_site_name":"3DVoxel - Stampa 3D per produzione in serie","article_modified_time":"2024-12-18T15:28:41+00:00","twitter_card":"summary_large_image","twitter_misc":{"Est. reading time":"5 minutes"},"schema":{"@context":"https:\/\/schema.org","@graph":[{"@type":"WebPage","@id":"https:\/\/www.3dvoxel.it\/en\/finitura-dei-materiali-in-3dvoxel\/","url":"https:\/\/www.3dvoxel.it\/en\/finitura-dei-materiali-in-3dvoxel\/","name":"Le finiture disponibili su 3dvoxel - 3DVoxel - Stampa 3D per produzione in serie","isPartOf":{"@id":"https:\/\/www.3dvoxel.it\/en\/#website"},"datePublished":"2021-12-13T14:25:47+00:00","dateModified":"2024-12-18T15:28:41+00:00","breadcrumb":{"@id":"https:\/\/www.3dvoxel.it\/en\/finitura-dei-materiali-in-3dvoxel\/#breadcrumb"},"inLanguage":"en-US","potentialAction":[{"@type":"ReadAction","target":["https:\/\/www.3dvoxel.it\/en\/finitura-dei-materiali-in-3dvoxel\/"]}]},{"@type":"BreadcrumbList","@id":"https:\/\/www.3dvoxel.it\/en\/finitura-dei-materiali-in-3dvoxel\/#breadcrumb","itemListElement":[{"@type":"ListItem","position":1,"name":"Home","item":"https:\/\/www.3dvoxel.it\/en\/"},{"@type":"ListItem","position":2,"name":"Le finiture disponibili su 3dvoxel"}]},{"@type":"WebSite","@id":"https:\/\/www.3dvoxel.it\/en\/#website","url":"https:\/\/www.3dvoxel.it\/en\/","name":"3DVoxel - Stampa 3D per produzione in serie","description":"Stampa 3D con tecnologia HP MJF - PA12 POLIPROPILENE TPA - per produzione in serie  e prototipazione","publisher":{"@id":"https:\/\/www.3dvoxel.it\/en\/#organization"},"potentialAction":[{"@type":"SearchAction","target":{"@type":"EntryPoint","urlTemplate":"https:\/\/www.3dvoxel.it\/en\/?s={search_term_string}"},"query-input":{"@type":"PropertyValueSpecification","valueRequired":true,"valueName":"search_term_string"}}],"inLanguage":"en-US"},{"@type":"Organization","@id":"https:\/\/www.3dvoxel.it\/en\/#organization","name":"3DVoxel s.r.l. 3Dprinting","url":"https:\/\/www.3dvoxel.it\/en\/","logo":{"@type":"ImageObject","inLanguage":"en-US","@id":"https:\/\/www.3dvoxel.it\/en\/#\/schema\/logo\/image\/","url":"https:\/\/www.3dvoxel.it\/wp-content\/uploads\/2018\/07\/3Dvoxel_loading.png","contentUrl":"https:\/\/www.3dvoxel.it\/wp-content\/uploads\/2018\/07\/3Dvoxel_loading.png","width":300,"height":92,"caption":"3DVoxel s.r.l. 3Dprinting"},"image":{"@id":"https:\/\/www.3dvoxel.it\/en\/#\/schema\/logo\/image\/"}}]}},"_links":{"self":[{"href":"https:\/\/www.3dvoxel.it\/en\/wp-json\/wp\/v2\/pages\/4863","targetHints":{"allow":["GET"]}}],"collection":[{"href":"https:\/\/www.3dvoxel.it\/en\/wp-json\/wp\/v2\/pages"}],"about":[{"href":"https:\/\/www.3dvoxel.it\/en\/wp-json\/wp\/v2\/types\/page"}],"author":[{"embeddable":true,"href":"https:\/\/www.3dvoxel.it\/en\/wp-json\/wp\/v2\/users\/1"}],"replies":[{"embeddable":true,"href":"https:\/\/www.3dvoxel.it\/en\/wp-json\/wp\/v2\/comments?post=4863"}],"version-history":[{"count":1,"href":"https:\/\/www.3dvoxel.it\/en\/wp-json\/wp\/v2\/pages\/4863\/revisions"}],"predecessor-version":[{"id":4864,"href":"https:\/\/www.3dvoxel.it\/en\/wp-json\/wp\/v2\/pages\/4863\/revisions\/4864"}],"wp:attachment":[{"href":"https:\/\/www.3dvoxel.it\/en\/wp-json\/wp\/v2\/media?parent=4863"}],"curies":[{"name":"wp","href":"https:\/\/api.w.org\/{rel}","templated":true}]}}